{"id":39,"date":"2022-04-20T08:46:27","date_gmt":"2022-04-20T06:46:27","guid":{"rendered":"https:\/\/vor11.test-marvinconsten.de\/?page_id=39"},"modified":"2022-07-15T10:00:42","modified_gmt":"2022-07-15T08:00:42","slug":"impressum","status":"publish","type":"page","link":"https:\/\/www.vitro.de\/en\/impressum\/","title":{"rendered":"Imprint"},"content":{"rendered":"<div data-elementor-type=\"wp-page\" data-elementor-id=\"39\" class=\"elementor elementor-39\">\n\t\t\t\t\t\t\t\t\t<section class=\"elementor-section elementor-top-section elementor-element elementor-element-46bbefd elementor-section-content-middle elementor-section-boxed elementor-section-height-default elementor-section-height-default\" data-id=\"46bbefd\" data-element_type=\"section\" id=\"home\" data-settings=\"{&quot;background_background&quot;:&quot;classic&quot;}\">\n\t\t\t\t\t\t\t<div class=\"elementor-background-overlay\"><\/div>\n\t\t\t\t\t\t\t<div class=\"elementor-container elementor-column-gap-wide\">\n\t\t\t\t\t<div class=\"elementor-column elementor-col-100 elementor-top-column elementor-element elementor-element-e496c5c\" data-id=\"e496c5c\" data-element_type=\"column\" data-settings=\"{&quot;background_background&quot;:&quot;classic&quot;}\">\n\t\t\t<div class=\"elementor-widget-wrap elementor-element-populated\">\n\t\t\t\t\t\t\t\t<div class=\"elementor-element elementor-element-92ebbe6 elementor-widget elementor-widget-heading\" data-id=\"92ebbe6\" data-element_type=\"widget\" data-settings=\"{&quot;_animation&quot;:&quot;none&quot;,&quot;_animation_delay&quot;:150}\" data-widget_type=\"heading.default\">\n\t\t\t\t<div class=\"elementor-widget-container\">\n\t\t\t<style>\/*! elementor - v3.11.5 - 14-03-2023 *\/\n.elementor-heading-title{padding:0;margin:0;line-height:1}.elementor-widget-heading .elementor-heading-title[class*=elementor-size-]>a{color:inherit;font-size:inherit;line-height:inherit}.elementor-widget-heading .elementor-heading-title.elementor-size-small{font-size:15px}.elementor-widget-heading .elementor-heading-title.elementor-size-medium{font-size:19px}.elementor-widget-heading .elementor-heading-title.elementor-size-large{font-size:29px}.elementor-widget-heading .elementor-heading-title.elementor-size-xl{font-size:39px}.elementor-widget-heading .elementor-heading-title.elementor-size-xxl{font-size:59px}<\/style><h2 class=\"elementor-heading-title elementor-size-default\">Imprint<\/h2>\t\t<\/div>\n\t\t\t\t<\/div>\n\t\t\t\t\t<\/div>\n\t\t<\/div>\n\t\t\t\t\t\t\t<\/div>\n\t\t<\/section>\n\t\t\t\t<section class=\"elementor-section elementor-top-section elementor-element elementor-element-557e646 elementor-section-boxed elementor-section-height-default elementor-section-height-default\" data-id=\"557e646\" data-element_type=\"section\">\n\t\t\t\t\t\t<div class=\"elementor-container elementor-column-gap-default\">\n\t\t\t\t\t<div class=\"elementor-column elementor-col-100 elementor-top-column elementor-element elementor-element-f8bfd8d\" data-id=\"f8bfd8d\" data-element_type=\"column\">\n\t\t\t<div class=\"elementor-widget-wrap elementor-element-populated\">\n\t\t\t\t\t\t\t\t<div class=\"elementor-element elementor-element-0ba48d4 elementor-widget elementor-widget-heading\" data-id=\"0ba48d4\" data-element_type=\"widget\" data-settings=\"{&quot;_animation&quot;:&quot;none&quot;,&quot;_animation_delay&quot;:100}\" data-widget_type=\"heading.default\">\n\t\t\t\t<div class=\"elementor-widget-container\">\n\t\t\t<h2 class=\"elementor-heading-title elementor-size-default\">Vitro Laser Solution UG<\/h2>\t\t<\/div>\n\t\t\t\t<\/div>\n\t\t\t\t<div class=\"elementor-element elementor-element-bd1d42a elementor-widget elementor-widget-text-editor\" data-id=\"bd1d42a\" data-element_type=\"widget\" data-widget_type=\"text-editor.default\">\n\t\t\t\t<div class=\"elementor-widget-container\">\n\t\t\t<style>\/*! elementor - v3.11.5 - 14-03-2023 *\/\n.elementor-widget-text-editor.elementor-drop-cap-view-stacked .elementor-drop-cap{background-color:#818a91;color:#fff}.elementor-widget-text-editor.elementor-drop-cap-view-framed .elementor-drop-cap{color:#818a91;border:3px solid;background-color:transparent}.elementor-widget-text-editor:not(.elementor-drop-cap-view-default) .elementor-drop-cap{margin-top:8px}.elementor-widget-text-editor:not(.elementor-drop-cap-view-default) .elementor-drop-cap-letter{width:1em;height:1em}.elementor-widget-text-editor .elementor-drop-cap{float:left;text-align:center;line-height:1;font-size:50px}.elementor-widget-text-editor .elementor-drop-cap-letter{display:inline-block}<\/style>\t\t\t\t<p>Vitro Laser Solutions UG<br \/>(limited liability)<br \/>Ellerbusch 28<\/p><p>D-32429 Minden, Germany<\/p><p>Managing Director:<br \/>Axel Sperling<\/p><p>District Court of Bad Oeynhausen<br \/>HRB 11625<\/p><p>eMail:\u00a0<a href=\"mailto:info@vitro.de\">info@vitro.de<\/a><br \/><a href=\"tel:0571387330\">Tel.: +49 (0)571\u00a0<span id=\"result_box\" lang=\"en\">387 330<\/span><\/a><\/p>\t\t\t\t\t\t<\/div>\n\t\t\t\t<\/div>\n\t\t\t\t\t<\/div>\n\t\t<\/div>\n\t\t\t\t\t\t\t<\/div>\n\t\t<\/section>\n\t\t\t\t\t\t\t<\/div>","protected":false},"excerpt":{"rendered":"<p>Impressum Vitro Laser Solution UG Vitro Laser Solutions UG(haftungsbeschr\u00e4nkt)Ellerbusch 28 D-32429 Minden, Germany Gesch\u00e4ftsf\u00fchrer:Axel Sperling Amtsgericht Bad OeynhausenHRB 11625 eMail:\u00a0info@vitro.deTel.: +49 (0)571\u00a0387 330<\/p>","protected":false},"author":1,"featured_media":0,"parent":0,"menu_order":0,"comment_status":"closed","ping_status":"closed","template":"","meta":{"_mi_skip_tracking":false,"_monsterinsights_sitenote_active":false,"_monsterinsights_sitenote_note":"","_monsterinsights_sitenote_category":0},"yoast_head":"<!-- This site is optimized with the Yoast SEO plugin v20.5 - https:\/\/yoast.com\/wordpress\/plugins\/seo\/ -->\n<title>Impressum - Vitro.de<\/title>\n<meta name=\"robots\" content=\"index, follow, max-snippet:-1, max-image-preview:large, max-video-preview:-1\" \/>\n<link rel=\"canonical\" href=\"https:\/\/www.vitro.de\/en\/impressum\/\" \/>\n<meta property=\"og:locale\" content=\"en_US\" \/>\n<meta property=\"og:type\" content=\"article\" \/>\n<meta property=\"og:title\" content=\"Impressum - Vitro.de\" \/>\n<meta property=\"og:description\" content=\"Impressum Vitro Laser Solution UG Vitro Laser Solutions UG(haftungsbeschr\u00e4nkt)Ellerbusch 28 D-32429 Minden, Germany Gesch\u00e4ftsf\u00fchrer:Axel Sperling Amtsgericht Bad OeynhausenHRB 11625 eMail:\u00a0info@vitro.deTel.: +49 (0)571\u00a0387 330\" \/>\n<meta property=\"og:url\" content=\"https:\/\/www.vitro.de\/en\/impressum\/\" \/>\n<meta property=\"og:site_name\" content=\"Vitro.de\" \/>\n<meta property=\"article:modified_time\" content=\"2022-07-15T08:00:42+00:00\" \/>\n<meta name=\"twitter:card\" content=\"summary_large_image\" \/>\n<meta name=\"twitter:label1\" content=\"Est. reading time\" \/>\n\t<meta name=\"twitter:data1\" content=\"1 minute\" \/>\n<script type=\"application\/ld+json\" class=\"yoast-schema-graph\">{\"@context\":\"https:\/\/schema.org\",\"@graph\":[{\"@type\":\"WebPage\",\"@id\":\"https:\/\/www.vitro.de\/impressum\/\",\"url\":\"https:\/\/www.vitro.de\/impressum\/\",\"name\":\"Impressum - Vitro.de\",\"isPartOf\":{\"@id\":\"https:\/\/www.vitro.de\/#website\"},\"datePublished\":\"2022-04-20T06:46:27+00:00\",\"dateModified\":\"2022-07-15T08:00:42+00:00\",\"breadcrumb\":{\"@id\":\"https:\/\/www.vitro.de\/impressum\/#breadcrumb\"},\"inLanguage\":\"en-US\",\"potentialAction\":[{\"@type\":\"ReadAction\",\"target\":[\"https:\/\/www.vitro.de\/impressum\/\"]}]},{\"@type\":\"BreadcrumbList\",\"@id\":\"https:\/\/www.vitro.de\/impressum\/#breadcrumb\",\"itemListElement\":[{\"@type\":\"ListItem\",\"position\":1,\"name\":\"Startseite\",\"item\":\"https:\/\/www.vitro.de\/\"},{\"@type\":\"ListItem\",\"position\":2,\"name\":\"Impressum\"}]},{\"@type\":\"WebSite\",\"@id\":\"https:\/\/www.vitro.de\/#website\",\"url\":\"https:\/\/www.vitro.de\/\",\"name\":\"Vitro.de\",\"description\":\"Entwickler, Hersteller und Lieferanten von Lasersystemen\",\"publisher\":{\"@id\":\"https:\/\/www.vitro.de\/#organization\"},\"potentialAction\":[{\"@type\":\"SearchAction\",\"target\":{\"@type\":\"EntryPoint\",\"urlTemplate\":\"https:\/\/www.vitro.de\/?s={search_term_string}\"},\"query-input\":\"required name=search_term_string\"}],\"inLanguage\":\"en-US\"},{\"@type\":\"Organization\",\"@id\":\"https:\/\/www.vitro.de\/#organization\",\"name\":\"Vitro.de\",\"url\":\"https:\/\/www.vitro.de\/\",\"logo\":{\"@type\":\"ImageObject\",\"inLanguage\":\"en-US\",\"@id\":\"https:\/\/www.vitro.de\/#\/schema\/logo\/image\/\",\"url\":\"https:\/\/www.vitro.de\/wp\/wp-content\/uploads\/2022\/04\/vitro_logo_5000.png\",\"contentUrl\":\"https:\/\/www.vitro.de\/wp\/wp-content\/uploads\/2022\/04\/vitro_logo_5000.png\",\"width\":500,\"height\":239,\"caption\":\"Vitro.de\"},\"image\":{\"@id\":\"https:\/\/www.vitro.de\/#\/schema\/logo\/image\/\"}}]}<\/script>\n<!-- \/ Yoast SEO plugin. -->","yoast_head_json":{"title":"Impressum - Vitro.de","robots":{"index":"index","follow":"follow","max-snippet":"max-snippet:-1","max-image-preview":"max-image-preview:large","max-video-preview":"max-video-preview:-1"},"canonical":"https:\/\/www.vitro.de\/en\/impressum\/","og_locale":"en_US","og_type":"article","og_title":"Impressum - Vitro.de","og_description":"Impressum Vitro Laser Solution UG Vitro Laser Solutions UG(haftungsbeschr\u00e4nkt)Ellerbusch 28 D-32429 Minden, Germany Gesch\u00e4ftsf\u00fchrer:Axel Sperling Amtsgericht Bad OeynhausenHRB 11625 eMail:\u00a0info@vitro.deTel.: +49 (0)571\u00a0387 330","og_url":"https:\/\/www.vitro.de\/en\/impressum\/","og_site_name":"Vitro.de","article_modified_time":"2022-07-15T08:00:42+00:00","twitter_card":"summary_large_image","twitter_misc":{"Est. reading time":"1 minute"},"schema":{"@context":"https:\/\/schema.org","@graph":[{"@type":"WebPage","@id":"https:\/\/www.vitro.de\/impressum\/","url":"https:\/\/www.vitro.de\/impressum\/","name":"Impressum - Vitro.de","isPartOf":{"@id":"https:\/\/www.vitro.de\/#website"},"datePublished":"2022-04-20T06:46:27+00:00","dateModified":"2022-07-15T08:00:42+00:00","breadcrumb":{"@id":"https:\/\/www.vitro.de\/impressum\/#breadcrumb"},"inLanguage":"en-US","potentialAction":[{"@type":"ReadAction","target":["https:\/\/www.vitro.de\/impressum\/"]}]},{"@type":"BreadcrumbList","@id":"https:\/\/www.vitro.de\/impressum\/#breadcrumb","itemListElement":[{"@type":"ListItem","position":1,"name":"Startseite","item":"https:\/\/www.vitro.de\/"},{"@type":"ListItem","position":2,"name":"Impressum"}]},{"@type":"WebSite","@id":"https:\/\/www.vitro.de\/#website","url":"https:\/\/www.vitro.de\/","name":"Vitro.de","description":"Entwickler, Hersteller und Lieferanten von Lasersystemen","publisher":{"@id":"https:\/\/www.vitro.de\/#organization"},"potentialAction":[{"@type":"SearchAction","target":{"@type":"EntryPoint","urlTemplate":"https:\/\/www.vitro.de\/?s={search_term_string}"},"query-input":"required name=search_term_string"}],"inLanguage":"en-US"},{"@type":"Organization","@id":"https:\/\/www.vitro.de\/#organization","name":"Vitro.de","url":"https:\/\/www.vitro.de\/","logo":{"@type":"ImageObject","inLanguage":"en-US","@id":"https:\/\/www.vitro.de\/#\/schema\/logo\/image\/","url":"https:\/\/www.vitro.de\/wp\/wp-content\/uploads\/2022\/04\/vitro_logo_5000.png","contentUrl":"https:\/\/www.vitro.de\/wp\/wp-content\/uploads\/2022\/04\/vitro_logo_5000.png","width":500,"height":239,"caption":"Vitro.de"},"image":{"@id":"https:\/\/www.vitro.de\/#\/schema\/logo\/image\/"}}]}},"_links":{"self":[{"href":"https:\/\/www.vitro.de\/en\/wp-json\/wp\/v2\/pages\/39"}],"collection":[{"href":"https:\/\/www.vitro.de\/en\/wp-json\/wp\/v2\/pages"}],"about":[{"href":"https:\/\/www.vitro.de\/en\/wp-json\/wp\/v2\/types\/page"}],"author":[{"embeddable":true,"href":"https:\/\/www.vitro.de\/en\/wp-json\/wp\/v2\/users\/1"}],"replies":[{"embeddable":true,"href":"https:\/\/www.vitro.de\/en\/wp-json\/wp\/v2\/comments?post=39"}],"version-history":[{"count":10,"href":"https:\/\/www.vitro.de\/en\/wp-json\/wp\/v2\/pages\/39\/revisions"}],"predecessor-version":[{"id":7286,"href":"https:\/\/www.vitro.de\/en\/wp-json\/wp\/v2\/pages\/39\/revisions\/7286"}],"wp:attachment":[{"href":"https:\/\/www.vitro.de\/en\/wp-json\/wp\/v2\/media?parent=39"}],"curies":[{"name":"wp","href":"https:\/\/api.w.org\/{rel}","templated":true}]}}